{"id":770,"date":"2018-06-26T05:53:11","date_gmt":"2018-06-26T05:53:11","guid":{"rendered":"https:\/\/hotellerv1.themegoods.com\/city\/?page_id=770"},"modified":"2026-01-16T11:30:29","modified_gmt":"2026-01-16T10:30:29","slug":"terms-and-conditions","status":"publish","type":"page","link":"https:\/\/camumidha.it\/it\/terms-and-conditions\/","title":{"rendered":"Regole della casa"},"content":{"rendered":"<div data-elementor-type=\"wp-post\" data-elementor-id=\"770\" class=\"elementor elementor-770\">\n\t\t\t\t\t\t<section class=\"elementor-section elementor-top-section elementor-element elementor-element-af11003 elementor-section-boxed elementor-section-height-default elementor-section-height-default\" data-id=\"af11003\" data-element_type=\"section\" data-e-type=\"section\" data-settings=\"{&quot;hoteller_ext_is_background_parallax&quot;:&quot;false&quot;,&quot;hoteller_ext_is_background_on_scroll&quot;:&quot;false&quot;}\">\n\t\t\t\t\t\t<div class=\"elementor-container elementor-column-gap-default\">\n\t\t\t\t\t<div class=\"elementor-column elementor-col-100 elementor-top-column elementor-element elementor-element-942a0b1\" data-id=\"942a0b1\" data-element_type=\"column\" data-e-type=\"column\" data-settings=\"{&quot;hoteller_ext_link_sidemenu&quot;:&quot;false&quot;,&quot;hoteller_ext_link_fullmenu&quot;:&quot;false&quot;,&quot;hoteller_ext_link_closed_fullmenu&quot;:&quot;false&quot;,&quot;hoteller_ext_is_scrollme&quot;:&quot;false&quot;,&quot;hoteller_ext_is_smoove&quot;:&quot;false&quot;,&quot;hoteller_ext_is_parallax_mouse&quot;:&quot;false&quot;,&quot;hoteller_ext_is_infinite&quot;:&quot;false&quot;,&quot;hoteller_ext_is_fadeout_animation&quot;:&quot;false&quot;,&quot;hoteller_ext_mobile_static&quot;:&quot;false&quot;}\">\n\t\t\t<div class=\"elementor-widget-wrap elementor-element-populated\">\n\t\t\t\t\t\t<div class=\"elementor-element elementor-element-53d1050 elementor-widget elementor-widget-text-editor\" data-id=\"53d1050\" data-element_type=\"widget\" data-e-type=\"widget\" data-settings=\"{&quot;hoteller_ext_link_sidemenu&quot;:&quot;false&quot;,&quot;hoteller_ext_link_fullmenu&quot;:&quot;false&quot;,&quot;hoteller_ext_link_closed_fullmenu&quot;:&quot;false&quot;,&quot;hoteller_ext_is_scrollme&quot;:&quot;false&quot;,&quot;hoteller_ext_is_smoove&quot;:&quot;false&quot;,&quot;hoteller_ext_is_parallax_mouse&quot;:&quot;false&quot;,&quot;hoteller_ext_is_infinite&quot;:&quot;false&quot;,&quot;hoteller_ext_is_fadeout_animation&quot;:&quot;false&quot;,&quot;hoteller_ext_mobile_static&quot;:&quot;false&quot;}\" data-widget_type=\"text-editor.default\">\n\t\t\t\t<div class=\"elementor-widget-container\">\n\t\t\t\t\t\t\t\t\t<p style=\"text-align: center;\">Siamo lieti di darvi il benvenuto nel Bed and Breakfast\u00a0\u201cCamum\u00ecdha\u201d.<\/p><p style=\"text-align: center;\">Per poter rendere piacevole il soggiorno a ciascun ospite, Vi invitiamo a prendere visione del nostro regolamento interno.<br \/>For\u00a0the\u00a0purpose of a good cohabitation, please observe not only\u00a0the\u00a0rules\u00a0dictated\u00a0by\u00a0the\u00a0law\u00a0but\u00a0even\u00a0those\u00a0coming from\u00a0good common sense and mutual respect.<\/p><h3>Pulizia delle camere<\/h3><p>La pulizia delle camere e il cambio di asciugamani e lenzuola vengono effettuati una volta ogni tre giorni \ne ad ogni cambio cliente, nella fascia oraria che va dalle 10:00 AM alle 12:00 AM. Se nell\u2019orario in cui si effettuano le pulizie la camera dovesse essere occupata, il servizio pulizia camere non verr\u00e0 eseguito e slitter\u00e0 al turno successivo. Qualora non si desiderasse il servizio Pulizia camere, a prescindere \nche la camera sia libera o no, baster\u00e0 esporre all\u2019esterno della porta l\u2019apposito segnaporta \u00abPlease do not disturb!\u00bb L\u2019ospite che desidera servirsi della pulizia giornaliera e del cambio di lenzuola e asciugamani, dovr\u00e0 farne richiesta al gestore della struttura. Il servizio ha un costo di \u20ac 10,00 al giorno.<\/p><h3>Modalit\u00e0 di pagamento<\/h3><p>E' richiesto un anticipo pari al 50% del totale a titolo di garanzia da pagare tramite Bonifico Bancario o tramite carta. Il saldo relativo a tutta la durata del pernottamento dovr\u00e0 essere versato in contanti o tramite carta di credito al momento della consegna delle chiavi.\nIl B&amp;B e' abilitato ad accettare carte di credito e bancomat. Non si accettano assegni.\nIn fase di pagamento, viene rilasciata ricevuta semplice. Qualora si desiderasse fattura, si prega              di comunicarlo anticipatamente al momento della prenotazione.\nLa tassa di soggiorno nel comune di Gerace \u2013 RC- \u00e8 GRATUITA.\u00a0<\/p><h3>Orario di check-in\u00a0e di check-out<\/h3><p>Le camere sono disponibili a partire dalle ore 16.00 e dovranno essere liberate entro le ore 10.00 del giorno successivo all'ultimo pernottamento. Gli Ospiti possono lasciare i propri bagagli                    in custodia dal gestore.\nIl check-in deve avvenire entro le ore 19.00. Qualora ci fossero problematiche, \u00e8 buona norma avvisare telefonicamente. Tuttavia, \u00e8 consigliabile comunicare indicativamente l'orario d\u2019arrivo.\nSi precisa che in caso di partenze anticipate non sono previsti rimborsi.<\/p><h3>Registrazione<\/h3><p>L'Ospite al suo arrivo \u00e8 tenuto ad esibire un documento d'identit\u00e0 in corso di validit\u00e0,                                      per la registrazione secondo le vigenti disposizioni di legge.\nI dati forniti saranno trattati nel rispetto degli obblighi di riservatezza e sicurezza regolati dalla normativa vigente, verranno trattati esclusivamente per finalit\u00e0 riguardanti\u00a0l'attivit\u00e0 e non saranno oggetto di diffusione.<\/p><h3>Numero di persone<\/h3><p>Non \u00e8 consentito introdurre nel B&amp;B persone di cui non sia stato registrato il documento d'identit\u00e0            o senza il consenso del proprietario.<\/p><h3>Animali<\/h3><p>Non sono accettati in struttura.<\/p><h3>Orario per la colazione<\/h3><p>La colazione \u00e8 servita dalle ore 7.30 alle ore 10.00.\u00a0 \nIn caso di esigenze particolari, l'orario deve essere precedentemente concordato con il gestore.<\/p><h3>Divieti<\/h3><ul><li>\u00c8 vietato fumare all'interno degli ambienti comuni e delle camere, mentre in giardino e sui balconi bisogna servirsi dei posaceneri.<\/li><li>\u00c8 vietato buttare nel water pannolini e tutto ci\u00f2 che possa ostruire le tubature. Tutti i bagni sono attrezzati di appositi cestini.<\/li><li>\u00c8 vietato aggirarsi nel B&amp;B con indumenti che possano offendere l'altrui pudore.<\/li><\/ul><h3>Obblighi dell'ospite<\/h3><ul><li>Nonostante le camere godano di un buon isolamento acustico, si chiede di non fare rumore dalle ore 23.00 alle ore 8.00, al fine di non recare disturbo agli altri Ospiti. In ogni caso, si chiede                    di mantenere un comportamento che anche durante la giornata, in nessun modo, danneggi l'altrui tranquillit\u00e0.<\/li><li>Si chiede di spegnere le luci, la televisione ed altri impianti quando si esce dal B&amp;B.<\/li><li>Eventuali danni arrecati dall\u2019Ospite al B&amp;B, dovranno essere risarciti al proprietario. Dotazioni complementari incluse.<\/li><\/ul><h3>Raccomandazioni<\/h3><ul><li>Si invitano gli Ospiti a vigilare sui propri oggetti in quanto il proprietario del B&amp;B non \u00e8 responsabile della loro custodia.<\/li><li>Si invitano gli Ospiti a chiudere il cancello padronale, la porta d'ingresso e di avere cura delle chiavi.<\/li><li>Non lasciare le chiavi inserite nella serratura.<\/li><li>Gli Ospiti, prima della partenza, devono riconsegnare le chiavi.<\/li><li>L'eventuale perdita delle chiavi di casa comporter\u00e0 l'addebito corrispondente per il cambio                          della serratura e dell'intero set di chiavi.<\/li><\/ul><p>Per qualunque necessit\u00e0, chiarimento e informazione, siamo a Vostra disposizione  ai seguenti numeri:<\/p><p style=\"text-align: center;\">+39 348.90.48.180<br \/>+39 334.96.47.506<\/p><p style=\"text-align: right;\">Grati per averci scelto, siamo lieti di augurarVi un incantevole soggiorno.<\/p><p style=\"text-align: right;\"><em>Il proprietario e l\u2019intero staff del\nB&amp;B Camum\u00ecdha<\/em><\/p>\t\t\t\t\t\t\t\t<\/div>\n\t\t\t\t<\/div>\n\t\t\t\t\t<\/div>\n\t\t<\/div>\n\t\t\t\t\t<\/div>\n\t\t<\/section>\n\t\t\t\t<\/div>","protected":false},"excerpt":{"rendered":"<p>We are pleased to welcome you to our Bed and Breakfast, &#8220;Camum\u00ecdha\u201d. In order to provide each guest with a pleasant stay, we invite you to please read the following \u201chouse rules\u201d.For\u00a0the\u00a0purpose of a good cohabitation, please observe not only\u00a0the\u00a0rules\u00a0dictated\u00a0by\u00a0the\u00a0law\u00a0but\u00a0even\u00a0those\u00a0coming [&hellip;]<\/p>\n","protected":false},"author":4,"featured_media":0,"parent":0,"menu_order":0,"comment_status":"closed","ping_status":"closed","template":"","meta":{"footnotes":""},"class_list":["post-770","page","type-page","status-publish","hentry"],"_links":{"self":[{"href":"https:\/\/camumidha.it\/it\/wp-json\/wp\/v2\/pages\/770","targetHints":{"allow":["GET"]}}],"collection":[{"href":"https:\/\/camumidha.it\/it\/wp-json\/wp\/v2\/pages"}],"about":[{"href":"https:\/\/camumidha.it\/it\/wp-json\/wp\/v2\/types\/page"}],"author":[{"embeddable":true,"href":"https:\/\/camumidha.it\/it\/wp-json\/wp\/v2\/users\/4"}],"replies":[{"embeddable":true,"href":"https:\/\/camumidha.it\/it\/wp-json\/wp\/v2\/comments?post=770"}],"version-history":[{"count":131,"href":"https:\/\/camumidha.it\/it\/wp-json\/wp\/v2\/pages\/770\/revisions"}],"predecessor-version":[{"id":7195,"href":"https:\/\/camumidha.it\/it\/wp-json\/wp\/v2\/pages\/770\/revisions\/7195"}],"wp:attachment":[{"href":"https:\/\/camumidha.it\/it\/wp-json\/wp\/v2\/media?parent=770"}],"curies":[{"name":"wp","href":"https:\/\/api.w.org\/{rel}","templated":true}]}}